{"id":14869,"date":"2014-05-20T07:51:11","date_gmt":"2014-05-20T07:51:11","guid":{"rendered":"http:\/\/demo.qodeinteractive.com\/bridge14\/?page_id=14869"},"modified":"2020-11-30T12:47:19","modified_gmt":"2020-11-30T12:47:19","slug":"home-7","status":"publish","type":"page","link":"https:\/\/restaurant-bualuang.de\/","title":{"rendered":"Home"},"content":{"rendered":"<p>[vc_row css_animation=&#8221;&#8221; row_type=&#8221;row&#8221; use_row_as_full_screen_section=&#8221;no&#8221; type=&#8221;grid&#8221; angled_section=&#8221;no&#8221; text_align=&#8221;left&#8221; background_image_as_pattern=&#8221;without_pattern&#8221; padding_top=&#8221;90&#8243; padding_bottom=&#8221;56&#8243; background_color=&#8221;#f8f8f8&#8243;][vc_column width=&#8221;1\/3&#8243;][vc_single_image image=&#8221;15203&#8243; img_size=&#8221;full&#8221; qode_css_animation=&#8221;element_from_fade&#8221; transition_delay=&#8221;0.3&#8243;][vc_separator type=&#8221;transparent&#8221; up=&#8221;37&#8243; down=&#8221;0&#8243;][vc_column_text]<\/p>\n<h4 class=\"qode_pricing_item_title\" style=\"color: #000000;\">PO PIA<\/h4>\n<p>[\/vc_column_text][vc_separator type=&#8221;small&#8221; position=&#8221;left&#8221; up=&#8221;14&#8243; down=&#8221;12&#8243; transparency=&#8221;1&#8243; color=&#8221;#f83501&#8243;][vc_column_text]Unser beliebter Snack f\u00fcr zwischendurch:<br \/>\nHandgerollte Fr\u00fchlingsrollen.[\/vc_column_text][vc_separator type=&#8221;transparent&#8221; up=&#8221;15&#8243; down=&#8221;0&#8243;][\/vc_column][vc_column width=&#8221;1\/3&#8243;][vc_single_image image=&#8221;15204&#8243; img_size=&#8221;full&#8221; qode_css_animation=&#8221;element_from_fade&#8221; transition_delay=&#8221;0.6&#8243;][vc_separator type=&#8221;transparent&#8221; up=&#8221;37&#8243; down=&#8221;0&#8243;][vc_column_text]<\/p>\n<h4 class=\"qode_pricing_item_title\" style=\"color: #000000;\">\u00a0TOM YAM GUNG<\/h4>\n<p>[\/vc_column_text][vc_separator type=&#8221;small&#8221; position=&#8221;left&#8221; up=&#8221;14&#8243; down=&#8221;12&#8243; transparency=&#8221;1&#8243; color=&#8221;#f83501&#8243;][vc_column_text]Unsere landesweit bekannte Garnelen Suppe. Perfekt als Vorspeise oder auch in einer gro\u00dfen Portion mit Beilagen als Hauptgang.[\/vc_column_text][vc_separator type=&#8221;transparent&#8221; up=&#8221;15&#8243; down=&#8221;0&#8243;][\/vc_column][vc_column width=&#8221;1\/3&#8243;][vc_single_image image=&#8221;17815&#8243; img_size=&#8221;full&#8221; qode_css_animation=&#8221;element_from_fade&#8221; transition_delay=&#8221;0.9&#8243;][vc_separator type=&#8221;transparent&#8221; up=&#8221;37&#8243; down=&#8221;0&#8243;][vc_column_text]<\/p>\n<h4 class=\"qode_pricing_item_title\" style=\"color: #000000;\">KEANG PHED GAI<\/h4>\n<p>[\/vc_column_text][vc_separator type=&#8221;small&#8221; position=&#8221;left&#8221; up=&#8221;14&#8243; down=&#8221;12&#8243; color=&#8221;#f83501&#8243; transparency=&#8221;1&#8243;][vc_column_text]Scharfes H\u00fcnchencurry! Unser Rotes Curry mit Huhn trifft ihre Geschmacksnerven auf einem emotionalen Level. Nach dem Sie es probiert haben wollen Sie nie wieder etwas anderes essen.<\/p>\n<p>Die Verkaufszahlen belegen diese These![\/vc_column_text][vc_separator type=&#8221;transparent&#8221; up=&#8221;15&#8243; down=&#8221;0&#8243;][\/vc_column][\/vc_row][vc_row row_type=&#8221;parallax&#8221; parallax_content_width=&#8221;in_grid&#8221; text_align=&#8221;left&#8221; full_screen_section_height=&#8221;no&#8221; background_image=&#8221;17826&#8243; section_height=&#8221;524&#8243;][vc_column][vc_separator type=&#8221;transparent&#8221; up=&#8221;160&#8243; down=&#8221;0&#8243;][vc_row_inner row_type=&#8221;row&#8221; type=&#8221;full_width&#8221; text_align=&#8221;left&#8221; css_animation=&#8221;&#8221;][vc_column_inner width=&#8221;1\/4&#8243;]<div class=\"q_counter_holder  center\" style=\"\" data-digit=\"144\"><span class=\"counter  zero\" style=\"color: #ffffff;\">144<\/span><\/div>[vc_separator type=&#8221;small&#8221; position=&#8221;center&#8221; width_in_percentages=&#8221;yes&#8221; color=&#8221;#ffffff&#8221; thickness=&#8221;2&#8243; width=&#8221;71&#8243; up=&#8221;1&#8243; down=&#8221;21&#8243;][vc_column_text]<\/p>\n<h4 style=\"text-align: center;\"><span style=\"color: #ffffff;\">GL\u00dcCKLICHE KUNDEN PRO TAG<\/span><\/h4>\n<p>[\/vc_column_text][\/vc_column_inner][vc_column_inner width=&#8221;1\/4&#8243;]<div class=\"q_counter_holder  center\" style=\"\" data-digit=\"143\"><span class=\"counter  zero\" style=\"color: #ffffff;\">143<\/span><\/div>[vc_separator type=&#8221;small&#8221; position=&#8221;center&#8221; width_in_percentages=&#8221;yes&#8221; color=&#8221;#ffffff&#8221; thickness=&#8221;2&#8243; width=&#8221;71&#8243; up=&#8221;1&#8243; down=&#8221;21&#8243;][vc_column_text]<\/p>\n<h4 style=\"text-align: center;\"><span style=\"color: #ffffff;\">GERICHTE<\/span><\/h4>\n<p>[\/vc_column_text][\/vc_column_inner][vc_column_inner width=&#8221;1\/4&#8243;]<div class=\"q_counter_holder  center\" style=\"\" data-digit=\"86\"><span class=\"counter  zero\" style=\"color: #ffffff;\">86<\/span><\/div>[vc_separator type=&#8221;small&#8221; position=&#8221;center&#8221; width_in_percentages=&#8221;yes&#8221; color=&#8221;#ffffff&#8221; thickness=&#8221;2&#8243; width=&#8221;71&#8243; up=&#8221;1&#8243; down=&#8221;21&#8243;][vc_column_text]<\/p>\n<h4 style=\"text-align: center;\"><span style=\"color: #ffffff;\">PL\u00c4TZE<\/span><\/h4>\n<p>[\/vc_column_text][\/vc_column_inner][vc_column_inner width=&#8221;1\/4&#8243;]<div class=\"q_counter_holder  center\" style=\"\" data-digit=\"87\"><span class=\"counter  zero\" style=\"color: #ffffff;\">87<\/span><\/div>[vc_separator type=&#8221;small&#8221; position=&#8221;center&#8221; width_in_percentages=&#8221;yes&#8221; color=&#8221;#ffffff&#8221; thickness=&#8221;2&#8243; width=&#8221;71&#8243; up=&#8221;1&#8243; down=&#8221;21&#8243;][vc_column_text]<\/p>\n<h4 style=\"text-align: center;\"><span style=\"color: #ffffff;\">Jahre Berufserfahrung<\/span><\/h4>\n<p>[\/vc_column_text][\/vc_column_inner][\/vc_row_inner][vc_separator type=&#8221;transparent&#8221; up=&#8221;160&#8243; down=&#8221;0&#8243;][\/vc_column][\/vc_row][vc_row css_animation=&#8221;&#8221; row_type=&#8221;row&#8221; use_row_as_full_screen_section=&#8221;no&#8221; type=&#8221;grid&#8221; angled_section=&#8221;no&#8221; text_align=&#8221;left&#8221; background_image_as_pattern=&#8221;without_pattern&#8221; background_color=&#8221;#ffffff&#8221;][vc_column][vc_separator type=&#8221;normal&#8221; color=&#8221;#f2f2f2&#8243; thickness=&#8221;2&#8243; up=&#8221;0&#8243; down=&#8221;0&#8243;][\/vc_column][\/vc_row][vc_row css_animation=&#8221;&#8221; row_type=&#8221;row&#8221; use_row_as_full_screen_section=&#8221;no&#8221; type=&#8221;grid&#8221; angled_section=&#8221;no&#8221; text_align=&#8221;left&#8221; background_image_as_pattern=&#8221;without_pattern&#8221; background_color=&#8221;#ffffff&#8221; padding_top=&#8221;76&#8243; padding_bottom=&#8221;40&#8243;][vc_column width=&#8221;1\/2&#8243;][vc_separator type=&#8221;transparent&#8221; up=&#8221;42&#8243; down=&#8221;0&#8243;][vc_column_text]<\/p>\n<h4 class=\"r\" style=\"font-weight: normal; color: #222222;\">Unsere Philosophie<\/h4>\n<p>[\/vc_column_text][vc_separator type=&#8221;small&#8221; position=&#8221;left&#8221; up=&#8221;14&#8243; down=&#8221;12&#8243; color=&#8221;#f83501&#8243; transparency=&#8221;1&#8243;][vc_column_text]<\/p>\n<p style=\"color: #666666;\"><span style=\"color: #000000;\">Die thail\u00e4ndische K\u00fcche ist vielf\u00e4ltig und abwechslungsreich. Mit exotischen und aromatischen Gew\u00fcrzen wird jedes Gericht zu einem besonderen Geschmackserlebnis. Durch die Einfl\u00fcsse der Nachbarl\u00e4nder, westliche Inspirationen sowie \u00f6stliche Tradition verschmelzen viele Einfl\u00fcsse zu einer Einheit, die sich in jedem Gericht widerspiegeln. Leicht und bek\u00f6mmlich sind die Speisen gerade f\u00fcr Ern\u00e4hrungsbewusste geeignet. Und nat\u00fcrlich ist auch die thail\u00e4ndische Gastfreundschaft immer einen Besuch wert!<\/span><\/p>\n<p><span style=\"color: #000000;\">Sehen Sie sich auf unserer Homepage um, lernen Sie unsere K\u00fcche und unser Restaurant kennen und kommen Sie doch auch einmal auf einen Besuch bei uns vorbei. Wir freuen uns, wenn wir Sie bald bei uns begr\u00fc\u00dfen d\u00fcrfen!<\/span>[\/vc_column_text][vc_separator type=&#8221;transparent&#8221; up=&#8221;69&#8243; down=&#8221;0&#8243;][\/vc_column][vc_column width=&#8221;1\/2&#8243;][vc_single_image image=&#8221;2853&#8243; img_size=&#8221;full&#8221; qode_css_animation=&#8221;element_from_right&#8221; transition_delay=&#8221;0.6&#8243;][\/vc_column][\/vc_row]<\/p>\n","protected":false},"excerpt":{"rendered":"<p>[vc_row css_animation=&#8221;&#8221; row_type=&#8221;row&#8221; use_row_as_full_screen_section=&#8221;no&#8221; type=&#8221;grid&#8221; angled_section=&#8221;no&#8221; text_align=&#8221;left&#8221; background_image_as_pattern=&#8221;without_pattern&#8221; padding_top=&#8221;90&#8243; padding_bottom=&#8221;56&#8243; background_color=&#8221;#f8f8f8&#8243;][vc_column width=&#8221;1\/3&#8243;][vc_single_image image=&#8221;15203&#8243; img_size=&#8221;full&#8221; qode_css_animation=&#8221;element_from_fade&#8221; transition_delay=&#8221;0.3&#8243;][vc_separator type=&#8221;transparent&#8221; up=&#8221;37&#8243; down=&#8221;0&#8243;][vc_column_text] PO PIA [\/vc_column_text][vc_separator type=&#8221;small&#8221; position=&#8221;left&#8221; up=&#8221;14&#8243; down=&#8221;12&#8243; transparency=&#8221;1&#8243; color=&#8221;#f83501&#8243;][vc_column_text]Unser beliebter Snack f\u00fcr zwischendurch: Handgerollte Fr\u00fchlingsrollen.[\/vc_column_text][vc_separator type=&#8221;transparent&#8221; up=&#8221;15&#8243; down=&#8221;0&#8243;][\/vc_column][vc_column width=&#8221;1\/3&#8243;][vc_single_image image=&#8221;15204&#8243; img_size=&#8221;full&#8221; qode_css_animation=&#8221;element_from_fade&#8221; transition_delay=&#8221;0.6&#8243;][vc_separator type=&#8221;transparent&#8221; up=&#8221;37&#8243; down=&#8221;0&#8243;][vc_column_text]&#8230;<\/p>\n","protected":false},"author":1,"featured_media":0,"parent":0,"menu_order":0,"comment_status":"open","ping_status":"open","template":"full_width.php","meta":[],"_links":{"self":[{"href":"https:\/\/restaurant-bualuang.de\/index.php?rest_route=\/wp\/v2\/pages\/14869"}],"collection":[{"href":"https:\/\/restaurant-bualuang.de\/index.php?rest_route=\/wp\/v2\/pages"}],"about":[{"href":"https:\/\/restaurant-bualuang.de\/index.php?rest_route=\/wp\/v2\/types\/page"}],"author":[{"embeddable":true,"href":"https:\/\/restaurant-bualuang.de\/index.php?rest_route=\/wp\/v2\/users\/1"}],"replies":[{"embeddable":true,"href":"https:\/\/restaurant-bualuang.de\/index.php?rest_route=%2Fwp%2Fv2%2Fcomments&post=14869"}],"version-history":[{"count":29,"href":"https:\/\/restaurant-bualuang.de\/index.php?rest_route=\/wp\/v2\/pages\/14869\/revisions"}],"predecessor-version":[{"id":19173,"href":"https:\/\/restaurant-bualuang.de\/index.php?rest_route=\/wp\/v2\/pages\/14869\/revisions\/19173"}],"wp:attachment":[{"href":"https:\/\/restaurant-bualuang.de\/index.php?rest_route=%2Fwp%2Fv2%2Fmedia&parent=14869"}],"curies":[{"name":"wp","href":"https:\/\/api.w.org\/{rel}","templated":true}]}}