{"id":15335,"date":"2014-06-13T09:25:32","date_gmt":"2014-06-13T09:25:32","guid":{"rendered":"http:\/\/demo.qodeinteractive.com\/bridge14\/?page_id=15335"},"modified":"2020-11-30T12:24:36","modified_gmt":"2020-11-30T12:24:36","slug":"process","status":"publish","type":"page","link":"https:\/\/restaurant-bualuang.de\/?page_id=15335","title":{"rendered":"Service"},"content":{"rendered":"<p>[vc_row css_animation=&#8221;&#8221; row_type=&#8221;row&#8221; use_row_as_full_screen_section=&#8221;no&#8221; type=&#8221;grid&#8221; angled_section=&#8221;no&#8221; text_align=&#8221;left&#8221; background_image_as_pattern=&#8221;without_pattern&#8221; background_color=&#8221;#ffffff&#8221; padding_top=&#8221;61&#8243; padding_bottom=&#8221;44&#8243;][vc_column][vc_column_text]<\/p>\n<p style=\"color: #666666;\">Unser Restaurant bietet gastronomische Erlebnisse und einen besonderen Service. Neben der Gastfreundschaft in unserem Lokal k\u00f6nnen Sie unsere Speisen noch auf vielen weiteren Wegen genie\u00dfen und kennen lernen. Nehmen Sie jederzeit gerne Kontakt mit uns auf, wenn wir etwas f\u00fcr Sie tun k\u00f6nnen.<\/p>\n<p>[\/vc_column_text][vc_separator type=&#8221;transparent&#8221; up=&#8221;69&#8243; down=&#8221;0&#8243;][\/vc_column][\/vc_row][vc_row css_animation=&#8221;&#8221; row_type=&#8221;row&#8221; use_row_as_full_screen_section=&#8221;no&#8221; type=&#8221;grid&#8221; angled_section=&#8221;no&#8221; text_align=&#8221;left&#8221; background_image_as_pattern=&#8221;without_pattern&#8221; background_color=&#8221;#ffffff&#8221;][vc_column][vc_separator type=&#8221;normal&#8221; color=&#8221;#f2f2f2&#8243; thickness=&#8221;2&#8243; up=&#8221;0&#8243; down=&#8221;0&#8243;][\/vc_column][\/vc_row][vc_row css_animation=&#8221;&#8221; row_type=&#8221;row&#8221; use_row_as_full_screen_section=&#8221;no&#8221; type=&#8221;grid&#8221; angled_section=&#8221;no&#8221; text_align=&#8221;left&#8221; background_image_as_pattern=&#8221;without_pattern&#8221; background_color=&#8221;#ffffff&#8221; padding_top=&#8221;76&#8243; padding_bottom=&#8221;40&#8243;][vc_column width=&#8221;1\/2&#8243;][vc_single_image image=&#8221;15253&#8243; img_size=&#8221;full&#8221; qode_css_animation=&#8221;element_from_left&#8221; transition_delay=&#8221;0.6&#8243;][\/vc_column][vc_column width=&#8221;1\/2&#8243;][vc_separator type=&#8221;transparent&#8221; up=&#8221;42&#8243; down=&#8221;0&#8243;][vc_column_text]<\/p>\n<p style=\"color: #666666;\"><b>\u00d6ffnungszeiten<\/b><\/p>\n<p>[\/vc_column_text][vc_separator type=&#8221;small&#8221; position=&#8221;left&#8221; up=&#8221;14&#8243; down=&#8221;12&#8243; color=&#8221;#f83501&#8243; transparency=&#8221;1&#8243;][vc_column_text]Montags &#8211; Samstags\u00a0 \u00a0 \u00a017.30 Uhr &#8211; 22.00 Uhr<\/p>\n<p>Mittwoch Ruhetag<\/p>\n<p>Sonntags \u00a0 12.00 Uhr &#8211; 14.30 Uhr \u00a0 &amp; \u00a0 17.30 Uhr &#8211; 22.00 Uhr[\/vc_column_text][vc_separator type=&#8221;transparent&#8221; up=&#8221;69&#8243; down=&#8221;0&#8243;][\/vc_column][\/vc_row][vc_row css_animation=&#8221;&#8221; row_type=&#8221;row&#8221; use_row_as_full_screen_section=&#8221;no&#8221; type=&#8221;grid&#8221; angled_section=&#8221;no&#8221; text_align=&#8221;left&#8221; background_image_as_pattern=&#8221;without_pattern&#8221; background_color=&#8221;#ffffff&#8221;][vc_column][vc_separator type=&#8221;normal&#8221; color=&#8221;#f2f2f2&#8243; thickness=&#8221;2&#8243; up=&#8221;0&#8243; down=&#8221;0&#8243;][\/vc_column][\/vc_row][vc_row css_animation=&#8221;&#8221; row_type=&#8221;row&#8221; use_row_as_full_screen_section=&#8221;no&#8221; type=&#8221;grid&#8221; angled_section=&#8221;no&#8221; text_align=&#8221;left&#8221; background_image_as_pattern=&#8221;without_pattern&#8221; background_color=&#8221;#ffffff&#8221; padding_top=&#8221;76&#8243; padding_bottom=&#8221;40&#8243;][vc_column width=&#8221;1\/2&#8243;][vc_separator type=&#8221;transparent&#8221; up=&#8221;42&#8243; down=&#8221;0&#8243;][vc_column_text]<\/p>\n<p style=\"color: #666666;\"><b>Reservierungen<\/b><\/p>\n<p>[\/vc_column_text][vc_separator type=&#8221;small&#8221; position=&#8221;left&#8221; up=&#8221;14&#8243; down=&#8221;12&#8243; color=&#8221;#f83501&#8243; transparency=&#8221;1&#8243;][vc_column_text]<\/p>\n<p style=\"color: #666666;\">Wenn Sie uns mit einer gr\u00f6\u00dferen Gruppe besuchen m\u00f6chten, ein Gesch\u00e4ftsessen planen oder sich Ihren Lieblingsplatz sichern m\u00f6chten, k\u00f6nnen Sie gerne Ihren Tisch f\u00fcr ein spezielles Datum und auf eine bestimmte Uhrzeit reservieren lassen. Rufen Sie uns einfach an.<\/p>\n<p style=\"color: #666666;\">Aus organisatorischen Gr\u00fcnden k\u00f6nnen wir Reservierungen nur Telefonisch\u00a0ent\u00adge\u00adgen\u00adneh\u00admen.<\/p>\n<p>[\/vc_column_text][vc_separator type=&#8221;transparent&#8221; up=&#8221;69&#8243; down=&#8221;0&#8243;][\/vc_column][vc_column width=&#8221;1\/2&#8243;][vc_single_image image=&#8221;5948&#8243; img_size=&#8221;full&#8221; qode_css_animation=&#8221;element_from_right&#8221; transition_delay=&#8221;0.6&#8243;][\/vc_column][\/vc_row][vc_row css_animation=&#8221;&#8221; row_type=&#8221;row&#8221; use_row_as_full_screen_section=&#8221;no&#8221; type=&#8221;grid&#8221; angled_section=&#8221;no&#8221; text_align=&#8221;left&#8221; background_image_as_pattern=&#8221;without_pattern&#8221; background_color=&#8221;#ffffff&#8221;][vc_column][vc_separator type=&#8221;normal&#8221; color=&#8221;#f2f2f2&#8243; thickness=&#8221;2&#8243; up=&#8221;0&#8243; down=&#8221;0&#8243;][\/vc_column][\/vc_row][vc_row css_animation=&#8221;&#8221; row_type=&#8221;row&#8221; use_row_as_full_screen_section=&#8221;no&#8221; type=&#8221;grid&#8221; angled_section=&#8221;no&#8221; text_align=&#8221;left&#8221; background_image_as_pattern=&#8221;without_pattern&#8221; background_color=&#8221;#ffffff&#8221; padding_top=&#8221;61&#8243; padding_bottom=&#8221;44&#8243;][vc_column width=&#8221;1\/2&#8243;][vc_single_image image=&#8221;4364&#8243; img_size=&#8221;full&#8221; qode_css_animation=&#8221;element_from_left&#8221; transition_delay=&#8221;0.3&#8243;][\/vc_column][vc_column width=&#8221;1\/2&#8243;][vc_separator type=&#8221;transparent&#8221; up=&#8221;78&#8243; down=&#8221;0&#8243;][vc_column_text]<\/p>\n<p style=\"color: #666666;\"><b>Partyservice<\/b><\/p>\n<p>[\/vc_column_text][vc_separator type=&#8221;small&#8221; position=&#8221;left&#8221; up=&#8221;14&#8243; down=&#8221;12&#8243; color=&#8221;#f83501&#8243; transparency=&#8221;1&#8243;][vc_column_text]<\/p>\n<p style=\"color: #666666;\">Vereinbaren Sie einen Termin und lassen Sie sich von uns beraten!<\/p>\n<p style=\"color: #666666;\">Egal, bei welcher Feierlichkeit wir Sie unterst\u00fctzen k\u00f6nnen, wir tun es gerne. Leckere thail\u00e4ndische K\u00f6stlichkeiten f\u00fcr Ihr kulinarisches Angebot zaubern wir gerne nach Ihren individuellen Vorstellungen.<\/p>\n<p>[\/vc_column_text][vc_separator type=&#8221;transparent&#8221; up=&#8221;69&#8243; down=&#8221;0&#8243;][\/vc_column][\/vc_row]<\/p>\n","protected":false},"excerpt":{"rendered":"<p>[vc_row css_animation=&#8221;&#8221; row_type=&#8221;row&#8221; use_row_as_full_screen_section=&#8221;no&#8221; type=&#8221;grid&#8221; angled_section=&#8221;no&#8221; text_align=&#8221;left&#8221; background_image_as_pattern=&#8221;without_pattern&#8221; background_color=&#8221;#ffffff&#8221; padding_top=&#8221;61&#8243; padding_bottom=&#8221;44&#8243;][vc_column][vc_column_text] Unser Restaurant bietet gastronomische Erlebnisse und einen besonderen Service. Neben der Gastfreundschaft in unserem Lokal k\u00f6nnen Sie unsere Speisen noch auf vielen weiteren Wegen genie\u00dfen und kennen lernen. Nehmen Sie jederzeit gerne Kontakt mit&#8230;<\/p>\n","protected":false},"author":1,"featured_media":0,"parent":0,"menu_order":0,"comment_status":"open","ping_status":"open","template":"full_width.php","meta":[],"_links":{"self":[{"href":"https:\/\/restaurant-bualuang.de\/index.php?rest_route=\/wp\/v2\/pages\/15335"}],"collection":[{"href":"https:\/\/restaurant-bualuang.de\/index.php?rest_route=\/wp\/v2\/pages"}],"about":[{"href":"https:\/\/restaurant-bualuang.de\/index.php?rest_route=\/wp\/v2\/types\/page"}],"author":[{"embeddable":true,"href":"https:\/\/restaurant-bualuang.de\/index.php?rest_route=\/wp\/v2\/users\/1"}],"replies":[{"embeddable":true,"href":"https:\/\/restaurant-bualuang.de\/index.php?rest_route=%2Fwp%2Fv2%2Fcomments&post=15335"}],"version-history":[{"count":16,"href":"https:\/\/restaurant-bualuang.de\/index.php?rest_route=\/wp\/v2\/pages\/15335\/revisions"}],"predecessor-version":[{"id":19165,"href":"https:\/\/restaurant-bualuang.de\/index.php?rest_route=\/wp\/v2\/pages\/15335\/revisions\/19165"}],"wp:attachment":[{"href":"https:\/\/restaurant-bualuang.de\/index.php?rest_route=%2Fwp%2Fv2%2Fmedia&parent=15335"}],"curies":[{"name":"wp","href":"https:\/\/api.w.org\/{rel}","templated":true}]}}